{"id":36840,"date":"2025-11-28T08:44:12","date_gmt":"2025-11-28T08:44:12","guid":{"rendered":"https:\/\/www.sibelatalay.com.tr\/v2\/?page_id=36840"},"modified":"2025-12-04T09:53:08","modified_gmt":"2025-12-04T09:53:08","slug":"international-health-tourism","status":"publish","type":"page","link":"https:\/\/www.sibelatalay.com.tr\/tr\/uluslararasi-saglik-turizmi\/","title":{"rendered":"Uluslararas\u0131 Sa\u011fl\u0131k Turizmi"},"content":{"rendered":"<div data-elementor-type=\"wp-page\" data-elementor-id=\"36840\" class=\"elementor elementor-36840\">\n\t\t\t\t<div class=\"elementor-element elementor-element-4f1bc45 e-con-full e-flex cmsmasters-block-default e-con e-parent\" data-id=\"4f1bc45\" data-element_type=\"container\" data-e-type=\"container\">\n\t\t<div class=\"elementor-element elementor-element-4301741 e-con-full e-flex cmsmasters-bg-hide-none cmsmasters-bg-hide-none cmsmasters-block-default e-con e-child\" data-id=\"4301741\" data-element_type=\"container\" data-e-type=\"container\" data-settings=\"{&quot;background_background&quot;:&quot;classic&quot;}\">\n\t\t\t\t<div class=\"elementor-element elementor-element-6a3e2c7 cmsmasters-block-default cmsmasters-sticky-default elementor-widget elementor-widget-heading\" data-id=\"6a3e2c7\" data-element_type=\"widget\" data-e-type=\"widget\" data-widget_type=\"heading.default\">\n\t\t\t\t\t<h6 class=\"elementor-heading-title elementor-size-default\">Op. Dr. Sibel Atalay<\/h6>\t\t\t\t<\/div>\n\t\t\t\t<div class=\"elementor-element elementor-element-1db6406 cmsmasters-block-default cmsmasters-sticky-default elementor-widget elementor-widget-heading\" data-id=\"1db6406\" data-element_type=\"widget\" data-e-type=\"widget\" data-widget_type=\"heading.default\">\n\t\t\t\t\t<h1 class=\"elementor-heading-title elementor-size-default\">Uluslararas\u0131 Sa\u011fl\u0131k Turizmi<\/h1>\t\t\t\t<\/div>\n\t\t\t\t<div class=\"elementor-element elementor-element-438a446 cmsmasters-block-default cmsmasters-sticky-default elementor-widget elementor-widget-text-editor\" data-id=\"438a446\" data-element_type=\"widget\" data-e-type=\"widget\" data-widget_type=\"text-editor.default\">\n\t\t\t\t\t\t\t\t\t<p>Op. Dr. Sibel Atalay Klini\u011fi, <b>kapsaml\u0131 bir sa\u011fl\u0131k turizmi deneyimi<\/b> estetik ameliyatlar\u0131 i\u00e7in T\u00fcrkiye'yi tercih eden uluslararas\u0131 hastalar i\u00e7in sunar.<\/p>\t\t\t\t\t\t\t\t<\/div>\n\t\t\t\t<\/div>\n\t\t<div class=\"elementor-element elementor-element-e193347 e-con-full e-flex cmsmasters-block-default e-con e-child\" data-id=\"e193347\" data-element_type=\"container\" data-e-type=\"container\" data-settings=\"{&quot;background_background&quot;:&quot;video&quot;,&quot;background_video_link&quot;:&quot;https:\\\/\\\/www.sibelatalay.com.tr\\\/wp-content\\\/uploads\\\/2025\\\/11\\\/5_1.mp4&quot;,&quot;background_video_start&quot;:0.6,&quot;background_video_end&quot;:0.35,&quot;background_play_once&quot;:&quot;yes&quot;,&quot;background_play_on_mobile&quot;:&quot;yes&quot;}\">\n\t\t<div class=\"elementor-background-video-container\">\n\t\t\t\t\t\t\t<video class=\"elementor-background-video-hosted\" role=\"presentation\" autoplay muted playsinline><\/video>\n\t\t\t\t\t<\/div>\t\t<div class=\"elementor-element elementor-element-0afbc54 cmsmasters-block-default cmsmasters-sticky-default elementor-widget elementor-widget-spacer\" data-id=\"0afbc54\" data-element_type=\"widget\" data-e-type=\"widget\" data-widget_type=\"spacer.default\">\n\t\t\t\t\t\t\t<div class=\"elementor-spacer\">\n\t\t\t<div class=\"elementor-spacer-inner\"><\/div>\n\t\t<\/div>\n\t\t\t\t\t\t<\/div>\n\t\t\t\t<\/div>\n\t\t\t\t<\/div>\n\t\t<div class=\"elementor-element elementor-element-2591425 e-flex e-con-boxed cmsmasters-block-default e-con e-parent\" data-id=\"2591425\" data-element_type=\"container\" data-e-type=\"container\">\n\t\t\t\t\t<div class=\"e-con-inner\">\n\t\t<div class=\"elementor-element elementor-element-0acd4ce e-con-full e-flex cmsmasters-block-default e-con e-child\" data-id=\"0acd4ce\" data-element_type=\"container\" data-e-type=\"container\">\n\t\t\t\t<div class=\"elementor-element elementor-element-ac082b0 cmsmasters-block-default cmsmasters-sticky-default elementor-widget elementor-widget-image\" data-id=\"ac082b0\" data-element_type=\"widget\" data-e-type=\"widget\" data-widget_type=\"image.default\">\n\t\t\t\t\t\t\t\t\t\t\t\t\t\t\t<img fetchpriority=\"high\" decoding=\"async\" width=\"736\" height=\"920\" src=\"https:\/\/www.sibelatalay.com.tr\/wp-content\/uploads\/2025\/11\/4f1b57ec13ad67d02f88d0d536d764bc.jpg\" class=\"attachment-full size-full wp-image-36842\" alt=\"Canl\u0131, seyahat temal\u0131 bir g\u00f6r\u00fcnt\u00fc, Antalya, T\u00fcrkiye&#039;deki nefes kesici bir plaj\u0131 sergiliyor. Sahne, muhte\u015fem turkuaz bir denizin, g\u00fcne\u015fin tad\u0131n\u0131 \u00e7\u0131karan insanlarla dolu kumlu bir plajla bulu\u015ftu\u011fu manzaray\u0131 i\u00e7eriyor. Sa\u011f taraftaki kayal\u0131k u\u00e7urumlar, huzurlu mavi sulara do\u011fal bir kontrast kat\u0131yor. \u00dczerindeki metin, \u015f\u0131k bir yaz\u0131 tipiyle &#039;Antalya sizi \u00e7a\u011f\u0131r\u0131yor.&#039; yaz\u0131yor. Eri\u015filebilirlik ve ba\u011flam i\u00e7in detaylar: - **Ayd\u0131nlatma**: G\u00f6r\u00fcnt\u00fc, parlak g\u00fcn \u0131\u015f\u0131\u011f\u0131nda \u00e7ekilmi\u015f, denizin, g\u00f6ky\u00fcz\u00fcn\u00fcn ve plaj\u0131n canl\u0131 renklerini vurguluyor. - **Makyaj**: Yak\u0131n \u00e7ekim konular\u0131 veya bireyler g\u00f6r\u00fcnmedi\u011fi i\u00e7in uygulanamaz. - **Erkek\/Bayan Unsurlar\u0131**: Odak noktas\u0131 manzara ve do\u011fa oldu\u011fu i\u00e7in uygulanamaz. - **Arka Plan**: Arka planda, a\u00e7\u0131k mavi bir g\u00f6ky\u00fcz\u00fc, turkuaz deniz, kayal\u0131k u\u00e7urumlar ve insanlar ve \u015femsiyelerle dolu kumlu bir plaj bulunuyor. - **Anatomi**: Detayl\u0131 insan fig\u00fcrleri g\u00f6r\u00fcnmedi\u011fi i\u00e7in uygulanamaz. - **Giyim Detaylar\u0131**: Plajdaki insanlar tipik plaj k\u0131yafetleri olan mayo, \u015fort ve g\u00fcne\u015f \u015fapkalar\u0131 giyiyorlar, ancak mesafe nedeniyle belirli detaylar se\u00e7ilemiyor.\" srcset=\"https:\/\/www.sibelatalay.com.tr\/wp-content\/uploads\/2025\/11\/4f1b57ec13ad67d02f88d0d536d764bc.jpg.avif 736w, https:\/\/www.sibelatalay.com.tr\/wp-content\/uploads\/2025\/11\/4f1b57ec13ad67d02f88d0d536d764bc-240x300.jpg.avif 240w\" sizes=\"(max-width: 736px) 100vw, 736px\" \/>\t\t\t\t\t\t\t\t\t\t\t\t\t\t\t<\/div>\n\t\t\t\t<\/div>\n\t\t<div class=\"elementor-element elementor-element-526a9de e-con-full e-flex cmsmasters-block-default e-con e-child\" data-id=\"526a9de\" data-element_type=\"container\" data-e-type=\"container\">\n\t\t\t\t<div class=\"elementor-element elementor-element-284db3a elementor-widget__width-initial cmsmasters-block-default cmsmasters-sticky-default elementor-widget elementor-widget-heading\" data-id=\"284db3a\" data-element_type=\"widget\" data-e-type=\"widget\" data-widget_type=\"heading.default\">\n\t\t\t\t\t<h2 class=\"elementor-heading-title elementor-size-default\">Antalya'y\u0131 Ke\u015ffedin<\/h2>\t\t\t\t<\/div>\n\t\t\t\t<div class=\"elementor-element elementor-element-ecab212 cmsmasters-block-default cmsmasters-sticky-default elementor-widget elementor-widget-text-editor\" data-id=\"ecab212\" data-element_type=\"widget\" data-e-type=\"widget\" data-widget_type=\"text-editor.default\">\n\t\t\t\t\t\t\t\t\t<p>Antalya, deniz, g\u00fcne\u015f, tarih ve do\u011fan\u0131n uyum i\u00e7inde bir arada oldu\u011fu bir \u015fehirdir.<\/p><p>Antik \u015fehirler, deniz, g\u00fcne\u015f, plaj, orman ... hepsi bu b\u00fct\u00fcnl\u00fc\u011f\u00fcn par\u00e7alar\u0131d\u0131r. Mustafa Kemal Atat\u00fcrk, Antalya'y\u0131 \u201c\u015e\u00fcphesiz, Antalya d\u00fcnyan\u0131n en g\u00fczel yeridir\u201d s\u00f6z\u00fcyle tan\u0131mlar.<\/p><p>Antalya, d\u00fcnyan\u0131n en \u00e7ok ziyaret edilen \u015fehirlerinden biridir ve bunun i\u00e7in elbette d\u00fczinece neden vard\u0131r. Deniz, kum ve g\u00fcne\u015fi sevenler ve do\u011fada kaybolmak isteyenler, Akdeniz k\u0131y\u0131s\u0131nda bat\u0131dan do\u011fuya uzanan 640 kilometrelik k\u0131y\u0131 \u015feridi ve \u015fehri k\u0131y\u0131ya paralel olarak \u00e7evreleyen Toros Da\u011flar\u0131 ile Antalya'da d\u00fczinece se\u00e7enek bulabilirler.<\/p>\t\t\t\t\t\t\t\t<\/div>\n\t\t\t\t<\/div>\n\t\t\t\t\t<\/div>\n\t\t\t\t<\/div>\n\t\t<div class=\"elementor-element elementor-element-90930fc e-flex e-con-boxed cmsmasters-block-default e-con e-parent\" data-id=\"90930fc\" data-element_type=\"container\" data-e-type=\"container\">\n\t\t\t\t\t<div class=\"e-con-inner\">\n\t\t<div class=\"elementor-element elementor-element-dc8cdda e-con-full e-flex cmsmasters-block-default e-con e-child\" data-id=\"dc8cdda\" data-element_type=\"container\" data-e-type=\"container\">\n\t\t\t\t<div class=\"elementor-element elementor-element-e651bb5 cmsmasters-block-default cmsmasters-sticky-default elementor-widget elementor-widget-heading\" data-id=\"e651bb5\" data-element_type=\"widget\" data-e-type=\"widget\" data-widget_type=\"heading.default\">\n\t\t\t\t\t<h2 class=\"elementor-heading-title elementor-size-default\">Neden Biz?<\/h2>\t\t\t\t<\/div>\n\t\t\t\t<div class=\"elementor-element elementor-element-f714119 elementor-widget__width-initial elementor-widget-tablet__width-inherit cmsmasters-block-default cmsmasters-sticky-default elementor-widget elementor-widget-text-editor\" data-id=\"f714119\" data-element_type=\"widget\" data-e-type=\"widget\" data-widget_type=\"text-editor.default\">\n\t\t\t\t\t\t\t\t\t<p data-path-to-node=\"0\">Op. Dr. Sibel Atalay Klini\u011fi, <b>kapsaml\u0131 bir sa\u011fl\u0131k turizmi deneyimi<\/b> estetik ameliyatlar\u0131 i\u00e7in T\u00fcrkiye'yi tercih eden uluslararas\u0131 hastalar i\u00e7in sunar.<\/p><p data-path-to-node=\"1\">Hizmetlerimiz, <b>k\u00fcresel olarak tan\u0131nan uzmanl\u0131k ve sertifikal\u0131 teknoloji<\/b> Antalya'n\u0131n g\u00fczel, yenileyici ortam\u0131 ile birle\u015ftirir. T\u00fcm s\u00fcre\u00e7, \u015feffaf, <b>her \u015fey dahil paketler<\/b> ile y\u00f6netilir; VIP havaalan\u0131 kar\u015f\u0131lama, transferler ve detayl\u0131 post-operatif bak\u0131m dahil. Tedavi sonras\u0131nda hastalar <b>detayl\u0131 ve s\u00fcrekli destek<\/b> ve takip, eve d\u00f6nd\u00fckten sonra bile. Bu estetik yolculuk, basit bir <b>\u00fccretsiz ilk kons\u00fcltasyon<\/b>.<\/p>\t\t\t\t\t\t\t\t<\/div>\n\t\t\t\t<\/div>\n\t\t<div class=\"elementor-element elementor-element-1336cae e-con-full e-flex cmsmasters-block-default e-con e-child\" data-id=\"1336cae\" data-element_type=\"container\" data-e-type=\"container\" data-settings=\"{&quot;background_background&quot;:&quot;video&quot;,&quot;background_video_link&quot;:&quot;https:\\\/\\\/www.sibelatalay.com.tr\\\/v2\\\/wp-content\\\/uploads\\\/2025\\\/11\\\/111111.mp4&quot;,&quot;background_play_on_mobile&quot;:&quot;yes&quot;}\">\n\t\t<div class=\"elementor-background-video-container\">\n\t\t\t\t\t\t\t<video class=\"elementor-background-video-hosted\" role=\"presentation\" autoplay muted playsinline loop><\/video>\n\t\t\t\t\t<\/div>\t\t<\/div>\n\t\t\t\t\t<\/div>\n\t\t\t\t<\/div>\n\t\t\t\t<\/div>","protected":false},"excerpt":{"rendered":"<p>Op. Dr. Sibel Atalay Uluslararas\u0131 Sa\u011fl\u0131k Turizmi Op. Dr. Sibel Atalay Klini\u011fi, estetik ameliyatlar\u0131 i\u00e7in T\u00fcrkiye'yi tercih eden uluslararas\u0131 hastalar i\u00e7in kapsaml\u0131 bir sa\u011fl\u0131k turizmi deneyimi sunar. Antalya'y\u0131 Ke\u015ffedin Antalya, deniz, g\u00fcne\u015f, tarih ve do\u011fan\u0131n uyum i\u00e7inde bir araya geldi\u011fi bir \u015fehirdir. Antik \u015fehirler, deniz, g\u00fcne\u015f, plaj, orman... hepsi...<\/p>","protected":false},"author":1,"featured_media":0,"parent":0,"menu_order":0,"comment_status":"closed","ping_status":"closed","template":"","meta":{"_acf_changed":false,"footnotes":""},"class_list":["post-36840","page","type-page","status-publish","hentry"],"acf":[],"_links":{"self":[{"href":"https:\/\/www.sibelatalay.com.tr\/tr\/wp-json\/wp\/v2\/pages\/36840","targetHints":{"allow":["GET"]}}],"collection":[{"href":"https:\/\/www.sibelatalay.com.tr\/tr\/wp-json\/wp\/v2\/pages"}],"about":[{"href":"https:\/\/www.sibelatalay.com.tr\/tr\/wp-json\/wp\/v2\/types\/page"}],"author":[{"embeddable":true,"href":"https:\/\/www.sibelatalay.com.tr\/tr\/wp-json\/wp\/v2\/users\/1"}],"replies":[{"embeddable":true,"href":"https:\/\/www.sibelatalay.com.tr\/tr\/wp-json\/wp\/v2\/comments?post=36840"}],"version-history":[{"count":0,"href":"https:\/\/www.sibelatalay.com.tr\/tr\/wp-json\/wp\/v2\/pages\/36840\/revisions"}],"wp:attachment":[{"href":"https:\/\/www.sibelatalay.com.tr\/tr\/wp-json\/wp\/v2\/media?parent=36840"}],"curies":[{"name":"wp","href":"https:\/\/api.w.org\/{rel}","templated":true}]}}